{"id":293,"date":"2025-03-25T10:52:59","date_gmt":"2025-03-25T09:52:59","guid":{"rendered":"https:\/\/gops.bejsce.eu\/gops\/?page_id=293"},"modified":"2025-03-25T10:56:52","modified_gmt":"2025-03-25T09:56:52","slug":"inspektor-ochrony-danych-iod","status":"publish","type":"page","link":"https:\/\/gops.bejsce.eu\/gops\/?page_id=293","title":{"rendered":"Inspektor Ochrony Danych (IOD)"},"content":{"rendered":"<h4 style=\"text-align: justify;\">Inspektorem Ochrony Danych w Gminnym O\u015brodku Pomocy Spo\u0142ecznej w Bejscach jest <strong>Pan Zbigniew Murjas<\/strong> dost\u0119pny pod adresem <strong>e-mail: inspektor@cbi24.pl<\/strong>. Osoby, kt\u00f3rych dane dotycz\u0105, mog\u0105 kontaktowa\u0107 si\u0119 z inspektorem ochrony danych we wszystkich sprawach zwi\u0105zanych z przetwarzaniem ich danych osobowych oraz z wykonywaniem praw przys\u0142uguj\u0105cych im na mocy Rozporz\u0105dzenia Parlamentu Europejskiego i Rady (UE) 2016\/679 z dnia 27 kwietnia 2016 r. w sprawie ochrony os\u00f3b fizycznych w zwi\u0105zku z przetwarzaniem danych osobowych i w sprawie swobodnego przep\u0142ywu takich danych oraz uchylenia dyrektywy 95\/46\/WE (og\u00f3lne rozporz\u0105dzenie o ochronie danych) oraz przepis\u00f3w krajowych.<\/h4>\n<h4><\/h4>\n","protected":false},"excerpt":{"rendered":"<p>Inspektorem Ochrony Danych w Gminnym O\u015brodku Pomocy Spo\u0142ecznej w Bejscach jest Pan Zbigniew Murjas dost\u0119pny pod adresem e-mail: inspektor@cbi24.pl. Osoby, kt\u00f3rych dane dotycz\u0105, mog\u0105 kontaktowa\u0107 si\u0119 z inspektorem ochrony danych we wszystkich sprawach zwi\u0105zanych z przetwarzaniem ich danych osobowych oraz z wykonywaniem praw przys\u0142uguj\u0105cych im na mocy Rozporz\u0105dzenia Parlamentu Europejskiego i Rady (UE) 2016\/679 z [&hellip;]<\/p>\n","protected":false},"author":1,"featured_media":0,"parent":0,"menu_order":0,"comment_status":"closed","ping_status":"closed","template":"","meta":{"footnotes":""},"class_list":["post-293","page","type-page","status-publish","hentry"],"_links":{"self":[{"href":"https:\/\/gops.bejsce.eu\/gops\/index.php?rest_route=\/wp\/v2\/pages\/293","targetHints":{"allow":["GET"]}}],"collection":[{"href":"https:\/\/gops.bejsce.eu\/gops\/index.php?rest_route=\/wp\/v2\/pages"}],"about":[{"href":"https:\/\/gops.bejsce.eu\/gops\/index.php?rest_route=\/wp\/v2\/types\/page"}],"author":[{"embeddable":true,"href":"https:\/\/gops.bejsce.eu\/gops\/index.php?rest_route=\/wp\/v2\/users\/1"}],"replies":[{"embeddable":true,"href":"https:\/\/gops.bejsce.eu\/gops\/index.php?rest_route=%2Fwp%2Fv2%2Fcomments&post=293"}],"version-history":[{"count":5,"href":"https:\/\/gops.bejsce.eu\/gops\/index.php?rest_route=\/wp\/v2\/pages\/293\/revisions"}],"predecessor-version":[{"id":299,"href":"https:\/\/gops.bejsce.eu\/gops\/index.php?rest_route=\/wp\/v2\/pages\/293\/revisions\/299"}],"wp:attachment":[{"href":"https:\/\/gops.bejsce.eu\/gops\/index.php?rest_route=%2Fwp%2Fv2%2Fmedia&parent=293"}],"curies":[{"name":"wp","href":"https:\/\/api.w.org\/{rel}","templated":true}]}}