{"id":18,"date":"2023-01-19T14:27:11","date_gmt":"2023-01-19T13:27:11","guid":{"rendered":"http:\/\/wordpress2213679.home.pl\/gops1\/?page_id=18"},"modified":"2023-01-19T14:27:11","modified_gmt":"2023-01-19T13:27:11","slug":"pracownicy","status":"publish","type":"page","link":"https:\/\/gops.bejsce.eu\/gops\/?page_id=18","title":{"rendered":"Pracownicy"},"content":{"rendered":"<h4 style=\"text-align: center;\"><span style=\"color: #ff6600;\">KIEROWNIK\u00a0<\/span><\/h4>\n<p><hr class=\"style-six margin-t0 margin-b20 \"  data-rt-animate=\"animate\" data-rt-animation-type=\"fadeInDown\" data-rt-animation-group=\"single\" >\u00a0<div class=\"row clearfix\"> <div class=\"box three \"> \t \n\t \n\t\t\n\t\t<ul class=\"with_icons default default_size\" data-rt-animation-group=\"group\">\n\t\t\n<h4><strong>Ewelina Czy\u017cewska<\/strong><\/h4>\n<h5> <li class=\"box one first last\" data-rt-animate=\"animate\" data-rt-animation-type=\"fadeInDown\"><span class=\"icon-user icon\"><\/span> <p>Kierownik<\/p><\/li>  <li class=\"box one first last\" data-rt-animate=\"animate\" data-rt-animation-type=\"fadeInDown\"><span class=\"icon-phone icon\"><\/span> <p>41 35 11 010 w.26 <\/p><\/li>  <li class=\"box one first last\" data-rt-animate=\"animate\" data-rt-animation-type=\"fadeInDown\"><span class=\"icon-doc icon\"><\/span> <p>pok\u00f3j nr 13 <\/p><\/li> \n\t\t<\/ul>\n\t <\/div><\/h5>\n<div class=\"box one blank_box\"><\/div><\/div>\n<h4 style=\"text-align: center;\"><span style=\"color: #ff6600;\">PRACOWNICY<\/span><\/h4>\n<p><hr class=\"style-six margin-t0 margin-b20 \"  data-rt-animate=\"animate\" data-rt-animation-type=\"fadeInDown\" data-rt-animation-group=\"single\" > <div class=\"row clearfix\"> <div class=\"box three \"> \t \n\t \n\t\t\n\t\t<ul class=\"with_icons default default_size\" data-rt-animation-group=\"group\">\n\t\t\n<h4><strong>Daria Rusiecka<\/strong><\/h4>\n<h5> <li class=\"box one first last\" data-rt-animate=\"animate\" data-rt-animation-type=\"fadeInDown\"><span class=\"icon-user icon\"><\/span> <p>Referent ds. rodzinnych i wychowawczych<\/p><\/li>  <li class=\"box one first last\" data-rt-animate=\"animate\" data-rt-animation-type=\"fadeInDown\"><span class=\"icon-phone icon\"><\/span> <p>41 35 11 010 w.38<\/p><\/li>  <li class=\"box one first last\" data-rt-animate=\"animate\" data-rt-animation-type=\"fadeInDown\"><span class=\"icon-doc icon\"><\/span> <p>pok\u00f3j nr 11 <\/p><\/li> \n\t\t<\/ul>\n\t <\/div><\/h5>\n<div class=\"box three \"> \t \n\t \n\t\t\n\t\t<ul class=\"with_icons default default_size\" data-rt-animation-group=\"group\">\n\t\t\n<h4><strong>Katarzyna Kurek<\/strong><\/h4>\n<h5> <li class=\"box one first last\" data-rt-animate=\"animate\" data-rt-animation-type=\"fadeInDown\"><span class=\"icon-user icon\"><\/span> <p>pracownik socjalny <\/p><\/li>  <li class=\"box one first last\" data-rt-animate=\"animate\" data-rt-animation-type=\"fadeInDown\"><span class=\"icon-phone icon\"><\/span> <p>41 35 11 010 w.26 <\/p><\/li>  <li class=\"box one first last\" data-rt-animate=\"animate\" data-rt-animation-type=\"fadeInDown\"><span class=\"icon-doc icon\"><\/span> <p>pok\u00f3j nr 12 <\/p><\/li> \n\t\t<\/ul>\n\t <\/div><\/h5>\n<\/div> <div class=\"row clearfix\"> <div class=\"box three \"> \t \n\t \n\t\t\n\t\t<ul class=\"with_icons default default_size\" data-rt-animation-group=\"group\">\n\t\t\n<h4><strong>Justyna Pasisz<\/strong><\/h4>\n<h5> <li class=\"box one first last\" data-rt-animate=\"animate\" data-rt-animation-type=\"fadeInDown\"><span class=\"icon-user icon\"><\/span> <p>Pracownik socjalny <\/p><\/li>  <li class=\"box one first last\" data-rt-animate=\"animate\" data-rt-animation-type=\"fadeInDown\"><span class=\"icon-phone icon\"><\/span> <p>41 35 11 010 w.26 <\/p><\/li>  <li class=\"box one first last\" data-rt-animate=\"animate\" data-rt-animation-type=\"fadeInDown\"><span class=\"icon-doc icon\"><\/span> <p>pok\u00f3j nr 12 <\/p><\/li> \n\t\t<\/ul>\n\t <\/div><\/h5>\n<div class=\"box two \"> \t \n\t \n\t\t\n\t\t<ul class=\"with_icons default default_size\" data-rt-animation-group=\"group\">\n\t\t\n<h4><strong>Aleksandra Grudzie\u0144<\/strong><\/h4>\n<h5> <li class=\"box one first last\" data-rt-animate=\"animate\" data-rt-animation-type=\"fadeInDown\"><span class=\"icon-user icon\"><\/span> <p>Pracownik socjalny <\/p><\/li>  <li class=\"box one first last\" data-rt-animate=\"animate\" data-rt-animation-type=\"fadeInDown\"><span class=\"icon-phone icon\"><\/span> <p>41 35 11 010 w.38 <\/p><\/li>  <li class=\"box one first last\" data-rt-animate=\"animate\" data-rt-animation-type=\"fadeInDown\"><span class=\"icon-doc icon\"><\/span> <p>pok\u00f3j nr 11 <\/p><\/li> \n\t\t<\/ul>\n\t <\/div><\/h5>\n<\/div> <div class=\"row clearfix\"> <div class=\"box two \"> \t \n\t \n\t\t\n\t\t<ul class=\"with_icons default default_size\" data-rt-animation-group=\"group\">\n\t\t\n<h4><strong>Joanna Salamon<\/strong><\/h4>\n<h5> <li class=\"box one first last\" data-rt-animate=\"animate\" data-rt-animation-type=\"fadeInDown\"><span class=\"icon-user icon\"><\/span> <p>G\u0142\u00f3wny ksi\u0119gowy <\/p><\/li>  <li class=\"box one first last\" data-rt-animate=\"animate\" data-rt-animation-type=\"fadeInDown\"><span class=\"icon-phone icon\"><\/span> <p>41 35 11 010 w.32 <\/p><\/li>  <li class=\"box one first last\" data-rt-animate=\"animate\" data-rt-animation-type=\"fadeInDown\"><span class=\"icon-doc icon\"><\/span> <p>pok\u00f3j nr 34\u00a0<\/p><\/li> \n\t\t<\/ul>\n\t <\/div><\/h5>\n<h4><\/div> <div class=\"row clearfix\"> <div class=\"box two blank_box\"><\/div> \t \n\t \n\t\t\n\t\t<ul class=\"with_icons default default_size\" data-rt-animation-group=\"group\">\n\t\t\n\t\t<\/ul>\n\t<\/h4>\n<\/div>\n<p>&nbsp;<\/p>\n","protected":false},"excerpt":{"rendered":"<p>KIEROWNIK\u00a0 \u00a0 PRACOWNICY &nbsp;<\/p>\n","protected":false},"author":1,"featured_media":0,"parent":0,"menu_order":0,"comment_status":"closed","ping_status":"closed","template":"","meta":{"footnotes":""},"class_list":["post-18","page","type-page","status-publish","hentry"],"_links":{"self":[{"href":"https:\/\/gops.bejsce.eu\/gops\/index.php?rest_route=\/wp\/v2\/pages\/18","targetHints":{"allow":["GET"]}}],"collection":[{"href":"https:\/\/gops.bejsce.eu\/gops\/index.php?rest_route=\/wp\/v2\/pages"}],"about":[{"href":"https:\/\/gops.bejsce.eu\/gops\/index.php?rest_route=\/wp\/v2\/types\/page"}],"author":[{"embeddable":true,"href":"https:\/\/gops.bejsce.eu\/gops\/index.php?rest_route=\/wp\/v2\/users\/1"}],"replies":[{"embeddable":true,"href":"https:\/\/gops.bejsce.eu\/gops\/index.php?rest_route=%2Fwp%2Fv2%2Fcomments&post=18"}],"version-history":[{"count":1,"href":"https:\/\/gops.bejsce.eu\/gops\/index.php?rest_route=\/wp\/v2\/pages\/18\/revisions"}],"predecessor-version":[{"id":19,"href":"https:\/\/gops.bejsce.eu\/gops\/index.php?rest_route=\/wp\/v2\/pages\/18\/revisions\/19"}],"wp:attachment":[{"href":"https:\/\/gops.bejsce.eu\/gops\/index.php?rest_route=%2Fwp%2Fv2%2Fmedia&parent=18"}],"curies":[{"name":"wp","href":"https:\/\/api.w.org\/{rel}","templated":true}]}}